{"id":43,"date":"2024-06-05T19:53:08","date_gmt":"2024-06-05T17:53:08","guid":{"rendered":"https:\/\/saintjeanandco.fr\/?page_id=43"},"modified":"2025-01-23T15:04:24","modified_gmt":"2025-01-23T14:04:24","slug":"accueil","status":"publish","type":"page","link":"https:\/\/saintjeanandco.fr\/","title":{"rendered":"Accueil"},"content":{"rendered":"\n<div class=\"wp-block-columns are-vertically-aligned-center is-layout-flex wp-container-core-columns-is-layout-28f84493 wp-block-columns-is-layout-flex\">\n<div class=\"wp-block-column is-vertically-aligned-center is-layout-flow wp-block-column-is-layout-flow\" style=\"flex-basis:100%\">\n<div class=\"alignnormal\"><div id=\"metaslider-id-343\" style=\"max-width: 500px; margin: 0 auto;\" class=\"ml-slider-3-109-0 metaslider metaslider-flex metaslider-343 ml-slider has-dots-nav ms-theme-default-base\" role=\"region\" aria-label=\"Bandeau Accueil\" data-height=\"400\" data-width=\"500\">\n    <div id=\"metaslider_container_343\">\n        <div id=\"metaslider_343\">\n            <ul class='slides'>\n                <li style=\"display: block; width: 100%;\" class=\"slide-363 ms-image \" aria-roledescription=\"slide\" data-date=\"2025-01-23 14:57:00\" data-filename=\"Poulain-scaled-500x400.jpg\" data-slide-type=\"image\"><img loading=\"lazy\" decoding=\"async\" src=\"https:\/\/saintjeanandco.fr\/wp-content\/uploads\/2024\/06\/Poulain-scaled-500x400.jpg\" height=\"400\" width=\"500\" alt=\"\" class=\"slider-343 slide-363 msDefaultImage\" title=\"Poulain\" \/><\/li>\n                <li style=\"display: none; width: 100%;\" class=\"slide-474 ms-image \" aria-roledescription=\"slide\" data-date=\"2025-06-06 10:18:52\" data-filename=\"rueHenriot2-500x400.png\" data-slide-type=\"image\"><img loading=\"lazy\" decoding=\"async\" src=\"https:\/\/saintjeanandco.fr\/wp-content\/uploads\/2025\/06\/rueHenriot2-500x400.png\" height=\"400\" width=\"500\" alt=\"\" class=\"slider-343 slide-474 msDefaultImage\" title=\"rueHenriot2\" \/><\/li>\n                <li style=\"display: none; width: 100%;\" class=\"slide-344 ms-image \" aria-roledescription=\"slide\" data-date=\"2025-01-23 14:49:34\" data-filename=\"LOGO-FINAL-01-500x400.png\" data-slide-type=\"image\"><img loading=\"lazy\" decoding=\"async\" src=\"https:\/\/saintjeanandco.fr\/wp-content\/uploads\/2024\/06\/LOGO-FINAL-01-500x400.png\" height=\"400\" width=\"500\" alt=\"\" class=\"slider-343 slide-344 msDefaultImage\" title=\"LOGO FINAL-01\" \/><\/li>\n                <li style=\"display: none; width: 100%;\" class=\"slide-345 ms-image \" aria-roledescription=\"slide\" data-date=\"2025-01-23 14:49:52\" data-filename=\"Saint-Jean-e1717690733205-500x400.jpg\" data-slide-type=\"image\"><img loading=\"lazy\" decoding=\"async\" src=\"https:\/\/saintjeanandco.fr\/wp-content\/uploads\/2024\/06\/Saint-Jean-e1717690733205-500x400.jpg\" height=\"400\" width=\"500\" alt=\"\" class=\"slider-343 slide-345 msDefaultImage\" title=\"Saint Jean\" \/><\/li>\n                <li style=\"display: none; width: 100%;\" class=\"slide-360 ms-image \" aria-roledescription=\"slide\" data-date=\"2025-01-23 14:56:29\" data-filename=\"rueSaintJean-1-292x233.png\" data-slide-type=\"image\"><img loading=\"lazy\" decoding=\"async\" src=\"https:\/\/saintjeanandco.fr\/wp-content\/uploads\/2025\/01\/rueSaintJean-1-292x233.png\" height=\"400\" width=\"500\" alt=\"\" class=\"slider-343 slide-360 msDefaultImage\" title=\"rueSaintJean\" \/><\/li>\n                <li style=\"display: none; width: 100%;\" class=\"slide-364 ms-image \" aria-roledescription=\"slide\" data-date=\"2025-01-23 14:57:00\" data-filename=\"ruePoulain-297x238.png\" data-slide-type=\"image\"><img loading=\"lazy\" decoding=\"async\" src=\"https:\/\/saintjeanandco.fr\/wp-content\/uploads\/2025\/01\/ruePoulain-297x238.png\" height=\"400\" width=\"500\" alt=\"\" class=\"slider-343 slide-364 msDefaultImage\" title=\"ruePoulain\" \/><\/li>\n                <li style=\"display: none; width: 100%;\" class=\"slide-366 ms-image \" aria-roledescription=\"slide\" data-date=\"2025-01-23 14:57:01\" data-filename=\"rueJustice-302x242.png\" data-slide-type=\"image\"><img loading=\"lazy\" decoding=\"async\" src=\"https:\/\/saintjeanandco.fr\/wp-content\/uploads\/2025\/01\/rueJustice-302x242.png\" height=\"400\" width=\"500\" alt=\"\" class=\"slider-343 slide-366 msDefaultImage\" title=\"rueJustice\" \/><\/li>\n                <li style=\"display: none; width: 100%;\" class=\"slide-361 ms-image \" aria-roledescription=\"slide\" data-date=\"2025-01-23 14:57:00\" data-filename=\"Revert-scaled-500x400.jpg\" data-slide-type=\"image\"><img loading=\"lazy\" decoding=\"async\" src=\"https:\/\/saintjeanandco.fr\/wp-content\/uploads\/2024\/06\/Revert-scaled-500x400.jpg\" height=\"400\" width=\"500\" alt=\"\" class=\"slider-343 slide-361 msDefaultImage\" title=\"Revert\" \/><\/li>\n                <li style=\"display: none; width: 100%;\" class=\"slide-473 ms-image \" aria-roledescription=\"slide\" data-date=\"2025-06-06 10:18:52\" data-filename=\"panneau-rue-henriot-241x193.png\" data-slide-type=\"image\"><img loading=\"lazy\" decoding=\"async\" src=\"https:\/\/saintjeanandco.fr\/wp-content\/uploads\/2025\/06\/panneau-rue-henriot-241x193.png\" height=\"400\" width=\"500\" alt=\"\" class=\"slider-343 slide-473 msDefaultImage\" title=\"panneau rue henriot\" \/><\/li>\n                <li style=\"display: none; width: 100%;\" class=\"slide-365 ms-image \" aria-roledescription=\"slide\" data-date=\"2025-01-23 14:57:00\" data-filename=\"Justice-rotated-e1717690428160-500x400.jpg\" data-slide-type=\"image\"><img loading=\"lazy\" decoding=\"async\" src=\"https:\/\/saintjeanandco.fr\/wp-content\/uploads\/2024\/06\/Justice-rotated-e1717690428160-500x400.jpg\" height=\"400\" width=\"500\" alt=\"\" class=\"slider-343 slide-365 msDefaultImage\" title=\"Justice\" \/><\/li>\n                <li style=\"display: none; width: 100%;\" class=\"slide-362 ms-image \" aria-roledescription=\"slide\" data-date=\"2025-01-23 14:57:00\" data-filename=\"rueRevert-302x242.jpg\" data-slide-type=\"image\"><img loading=\"lazy\" decoding=\"async\" src=\"https:\/\/saintjeanandco.fr\/wp-content\/uploads\/2025\/01\/rueRevert-302x242.jpg\" height=\"400\" width=\"500\" alt=\"\" class=\"slider-343 slide-362 msDefaultImage\" title=\"rueRevert\" \/><\/li>\n                <li style=\"display: none; width: 100%;\" class=\"slide-369 ms-image \" aria-roledescription=\"slide\" data-date=\"2025-01-23 14:57:52\" data-filename=\"LOGO-FINAL-01-500x400.png\" data-slide-type=\"image\"><img loading=\"lazy\" decoding=\"async\" src=\"https:\/\/saintjeanandco.fr\/wp-content\/uploads\/2024\/06\/LOGO-FINAL-01-500x400.png\" height=\"400\" width=\"500\" alt=\"\" class=\"slider-343 slide-369 msDefaultImage\" title=\"LOGO FINAL-01\" \/><\/li>\n            <\/ul>\n        <\/div>\n        \n    <\/div>\n<\/div><\/div>\n<\/div>\n<\/div>\n\n\n\n<div class=\"wp-block-columns is-layout-flex wp-container-core-columns-is-layout-28f84493 wp-block-columns-is-layout-flex\">\n<div class=\"wp-block-column is-layout-flow wp-block-column-is-layout-flow\" style=\"flex-basis:100%\">\n<h1 class=\"wp-block-heading has-text-align-center\"><strong>LES DERNIERES INFO.<\/strong><\/h1>\n<\/div>\n<\/div>\n\n\n\n<div class=\"wp-block-query is-layout-flow wp-block-query-is-layout-flow\"><ul class=\"wp-block-post-template is-layout-flow wp-block-post-template-is-layout-flow\"><li class=\"wp-block-post post-547 post type-post status-publish format-standard hentry category-non-classe\">\n\n<p><\/p>\n\n\n<h1 class=\"has-text-align-center wp-block-post-title\"><a href=\"https:\/\/saintjeanandco.fr\/index.php\/2026\/02\/05\/notre-nouveau-bureau\/\" target=\"_self\" >NOTRE NOUVEAU BUREAU<\/a><\/h1>\n\n\n<hr class=\"wp-block-separator has-css-opacity\"\/>\n\n\n<div class=\"has-text-align-left wp-block-post-excerpt\"><p class=\"wp-block-post-excerpt__excerpt\">Bernard DEVALOIS, apr\u00e8s un mandat de 3 ans, est heureux de c\u00e9der son si\u00e8ge de Pr\u00e9sident \u00e0 Monique GALLET qui a \u00e9t\u00e9 \u00e9lue Pr\u00e9sidente \u00e0 l&rsquo;unanimit\u00e9 avec, pour la seconder l&rsquo;arriv\u00e9e \u00e9galement de V\u00e9ronique BAUDART comme Vice-Pr\u00e9sidente. Franck FERRE et Fran\u00e7ois RENAUD ont \u00e9t\u00e9 reconduit comme Tr\u00e9sorier et Secr\u00e9taire. Cette arriv\u00e9e de nouveaux membres au\u2026 <\/p><\/div>\n<\/li><li class=\"wp-block-post post-308 post type-post status-publish format-standard hentry category-nos-projets\">\n\n<p><\/p>\n\n\n<h1 class=\"has-text-align-center wp-block-post-title\"><a href=\"https:\/\/saintjeanandco.fr\/index.php\/2026\/01\/03\/les-projets-de-lannee-2026\/\" target=\"_self\" >NOS PROJETS POUR 2026<\/a><\/h1>\n\n\n<hr class=\"wp-block-separator has-css-opacity\"\/>\n\n\n<div class=\"has-text-align-left wp-block-post-excerpt\"><p class=\"wp-block-post-excerpt__excerpt\">FETE DES VOISINS Devant le succ\u00e8s de la f\u00eate des voisins de 2025, nous allons la r\u00e9it\u00e9rer le 29 mai 2026, m\u00eame endroit, m\u00eame organisation. BROCANTE Apr\u00e8s 2023 et 2024 \u00ab\u00a0rue Saint-Jean\u00a0\u00bb, la BROCANTE 2026 s&rsquo;installe cette ann\u00e9e \u00ab\u00a0rue de la Justice\u00a0\u00bb (voir plan ci-dessous) le 07 JUIN de 8H00 \u00e0 18H00. Voitures interdites au\u2026 <\/p><\/div>\n<\/li><li class=\"wp-block-post post-511 post type-post status-publish format-standard has-post-thumbnail hentry category-news\">\n\n<p><\/p>\n\n\n<h1 class=\"has-text-align-center wp-block-post-title\"><a href=\"https:\/\/saintjeanandco.fr\/index.php\/2026\/01\/02\/511\/\" target=\"_self\" >VOEUX 2026<\/a><\/h1>\n\n\n<hr class=\"wp-block-separator has-css-opacity\"\/>\n\n\n<div class=\"has-text-align-left wp-block-post-excerpt\"><p class=\"wp-block-post-excerpt__excerpt\">et nos \u00e9v\u00e8nements \u00e0 venir <\/p><\/div>\n<\/li><\/ul><\/div>\n","protected":false},"excerpt":{"rendered":"<p>LES DERNIERES INFO.<\/p>\n","protected":false},"author":1,"featured_media":0,"parent":0,"menu_order":0,"comment_status":"closed","ping_status":"closed","template":"","meta":{"footnotes":""},"class_list":["post-43","page","type-page","status-publish","hentry"],"jetpack_sharing_enabled":true,"_links":{"self":[{"href":"https:\/\/saintjeanandco.fr\/index.php\/wp-json\/wp\/v2\/pages\/43","targetHints":{"allow":["GET"]}}],"collection":[{"href":"https:\/\/saintjeanandco.fr\/index.php\/wp-json\/wp\/v2\/pages"}],"about":[{"href":"https:\/\/saintjeanandco.fr\/index.php\/wp-json\/wp\/v2\/types\/page"}],"author":[{"embeddable":true,"href":"https:\/\/saintjeanandco.fr\/index.php\/wp-json\/wp\/v2\/users\/1"}],"replies":[{"embeddable":true,"href":"https:\/\/saintjeanandco.fr\/index.php\/wp-json\/wp\/v2\/comments?post=43"}],"version-history":[{"count":30,"href":"https:\/\/saintjeanandco.fr\/index.php\/wp-json\/wp\/v2\/pages\/43\/revisions"}],"predecessor-version":[{"id":371,"href":"https:\/\/saintjeanandco.fr\/index.php\/wp-json\/wp\/v2\/pages\/43\/revisions\/371"}],"wp:attachment":[{"href":"https:\/\/saintjeanandco.fr\/index.php\/wp-json\/wp\/v2\/media?parent=43"}],"curies":[{"name":"wp","href":"https:\/\/api.w.org\/{rel}","templated":true}]}}