{"id":237,"date":"2024-12-22T14:39:03","date_gmt":"2024-12-22T13:39:03","guid":{"rendered":"https:\/\/saintjeanandco.fr\/?page_id=237"},"modified":"2026-02-05T10:31:31","modified_gmt":"2026-02-05T09:31:31","slug":"qui-sommes-nous","status":"publish","type":"page","link":"https:\/\/saintjeanandco.fr\/index.php\/qui-sommes-nous\/","title":{"rendered":"Qui sommes-nous"},"content":{"rendered":"\n<h2 class=\"wp-block-heading\">Notre objectif<\/h2>\n\n\n\n<p>L&rsquo;association \u00ab\u00a0<strong>Saint-Jean &amp; Co<\/strong>\u00a0\u00bb est n\u00e9e du d\u00e9sir des habitants de la rue Saint-Jean \u00e0 Pontoise de tisser des liens et de dynamiser leur quartier. Elle a pour objectif de promouvoir les activit\u00e9s, la communication et l&rsquo;entraide entre les r\u00e9sidents de cette rue et des rues avoisinantes (rue de la Justice, rue Revert, rue Poulain). Par l&rsquo;organisation d&rsquo;\u00e9v\u00e9nements conviviaux comme des brocantes, des f\u00eates de quartier ou des ateliers, \u00ab\u00a0<strong>Saint-Jean &amp; Co<\/strong>\u00a0\u00bb souhaite cr\u00e9er une atmosph\u00e8re chaleureuse et solidaire. L&rsquo;association encourage la communication entre les habitants, favorise l&rsquo;entraide et contribue \u00e0 l&rsquo;am\u00e9lioration du cadre de vie. Elle s&rsquo;engage \u00e9galement \u00e0 soutenir des initiatives locales et des projets solidaires pour le bien-\u00eatre de tous.<\/p>\n\n\n\n<h2 class=\"wp-block-heading\">Les membres du bureau<\/h2>\n\n\n\n<div class=\"wp-block-media-text is-stacked-on-mobile\" style=\"grid-template-columns:23% auto\"><figure class=\"wp-block-media-text__media\"><img loading=\"lazy\" decoding=\"async\" width=\"603\" height=\"1024\" src=\"https:\/\/saintjeanandco.fr\/wp-content\/uploads\/2026\/02\/IMG_7236-603x1024.jpeg\" alt=\"\" class=\"wp-image-554 size-full\" srcset=\"https:\/\/saintjeanandco.fr\/wp-content\/uploads\/2026\/02\/IMG_7236-603x1024.jpeg 603w, https:\/\/saintjeanandco.fr\/wp-content\/uploads\/2026\/02\/IMG_7236-177x300.jpeg 177w, https:\/\/saintjeanandco.fr\/wp-content\/uploads\/2026\/02\/IMG_7236-768x1304.jpeg 768w, https:\/\/saintjeanandco.fr\/wp-content\/uploads\/2026\/02\/IMG_7236-905x1536.jpeg 905w, https:\/\/saintjeanandco.fr\/wp-content\/uploads\/2026\/02\/IMG_7236-1206x2048.jpeg 1206w, https:\/\/saintjeanandco.fr\/wp-content\/uploads\/2026\/02\/IMG_7236-1140x1935.jpeg 1140w, https:\/\/saintjeanandco.fr\/wp-content\/uploads\/2026\/02\/IMG_7236.jpeg 1290w\" sizes=\"auto, (max-width: 603px) 100vw, 603px\" \/><\/figure><div class=\"wp-block-media-text__content\">\n<p><strong>Monique GALLET<br><\/strong><em>Pr\u00e9sident<\/em>e<br>Mail : <a href=\"mailto:president@saintjeanandco.fr\">president@saintjeanandco.fr<\/a><\/p>\n<\/div><\/div>\n\n\n\n<div class=\"wp-block-media-text is-stacked-on-mobile\" style=\"grid-template-columns:23% auto\"><figure class=\"wp-block-media-text__media\"><img loading=\"lazy\" decoding=\"async\" width=\"539\" height=\"1024\" src=\"https:\/\/saintjeanandco.fr\/wp-content\/uploads\/2026\/02\/temp_file_1770140920120-539x1024.jpg\" alt=\"\" class=\"wp-image-557 size-full\" srcset=\"https:\/\/saintjeanandco.fr\/wp-content\/uploads\/2026\/02\/temp_file_1770140920120-539x1024.jpg 539w, https:\/\/saintjeanandco.fr\/wp-content\/uploads\/2026\/02\/temp_file_1770140920120-158x300.jpg 158w, https:\/\/saintjeanandco.fr\/wp-content\/uploads\/2026\/02\/temp_file_1770140920120.jpg 677w\" sizes=\"auto, (max-width: 539px) 100vw, 539px\" \/><\/figure><div class=\"wp-block-media-text__content\">\n<p><strong>V\u00e9ronique BAUDART<br><\/strong><em>Vice-Pr\u00e9sidente<\/em><br>Mail : <a href=\"mailto:secretaire@saintjeanandco.fr\"><a href=\"mailto:president@saintjeanandco.fr\">president@saintjeanandco.fr<\/a><\/a><\/p>\n<\/div><\/div>\n\n\n\n<div class=\"wp-block-media-text is-stacked-on-mobile\" style=\"grid-template-columns:23% auto\"><figure class=\"wp-block-media-text__media\"><img loading=\"lazy\" decoding=\"async\" width=\"472\" height=\"582\" src=\"https:\/\/saintjeanandco.fr\/wp-content\/uploads\/2025\/01\/Francois-20.jpg\" alt=\"\" class=\"wp-image-382 size-full\" srcset=\"https:\/\/saintjeanandco.fr\/wp-content\/uploads\/2025\/01\/Francois-20.jpg 472w, https:\/\/saintjeanandco.fr\/wp-content\/uploads\/2025\/01\/Francois-20-243x300.jpg 243w\" sizes=\"auto, (max-width: 472px) 100vw, 472px\" \/><\/figure><div class=\"wp-block-media-text__content\">\n<p><strong>Fran\u00e7ois RENAUD<br><\/strong><em>Secr\u00e9taire<\/em><br>Mail : <a href=\"mailto:secretaire@saintjeanandco.fr\">secretaire@saintjeanandco.fr<\/a><\/p>\n<\/div><\/div>\n\n\n\n<div class=\"wp-block-media-text is-stacked-on-mobile\" style=\"grid-template-columns:23% auto\"><figure class=\"wp-block-media-text__media\"><img loading=\"lazy\" decoding=\"async\" width=\"681\" height=\"1024\" src=\"https:\/\/saintjeanandco.fr\/wp-content\/uploads\/2024\/12\/GC14780-681x1024.jpg\" alt=\"\" class=\"wp-image-266 size-full\"\/><\/figure><div class=\"wp-block-media-text__content\">\n<p><strong>Franck FERRE<br><\/strong><em>Tr\u00e9sorier<\/em><br>Mali : <a href=\"mailto:tresorier@saintjeanandco.fr\">tresorier@saintjeanandco.fr<\/a><\/p>\n<\/div><\/div>\n","protected":false},"excerpt":{"rendered":"<p>Notre objectif L&rsquo;association \u00ab\u00a0Saint-Jean &amp; Co\u00a0\u00bb est n\u00e9e du d\u00e9sir des habitants de la rue Saint-Jean \u00e0 Pontoise de tisser des liens et de dynamiser leur quartier. Elle a pour objectif de promouvoir les activit\u00e9s, la communication et l&rsquo;entraide entre les r\u00e9sidents de cette rue et des rues avoisinantes (rue de la Justice, rue Revert, rue Poulain). Par l&rsquo;organisation d&rsquo;\u00e9v\u00e9nements conviviaux comme des brocantes, des f\u00eates de quartier ou des ateliers, \u00ab\u00a0Saint-Jean &amp; Co\u00a0\u00bb souhaite cr\u00e9er une atmosph\u00e8re chaleureuse et solidaire. L&rsquo;association encourage la communication entre les habitants, favorise l&rsquo;entraide et contribue \u00e0 l&rsquo;am\u00e9lioration du cadre de vie. Elle s&rsquo;engage \u00e9galement \u00e0 soutenir des initiatives locales et des projets solidaires pour le bien-\u00eatre de tous. Les membres du bureau Monique GALLETPr\u00e9sidenteMail : president@saintjeanandco.fr V\u00e9ronique BAUDARTVice-Pr\u00e9sidenteMail : president@saintjeanandco.fr Fran\u00e7ois RENAUDSecr\u00e9taireMail : secretaire@saintjeanandco.fr Franck FERRETr\u00e9sorierMali : tresorier@saintjeanandco.fr<\/p>\n","protected":false},"author":1,"featured_media":0,"parent":0,"menu_order":0,"comment_status":"closed","ping_status":"closed","template":"","meta":{"footnotes":""},"class_list":["post-237","page","type-page","status-publish","hentry"],"jetpack_sharing_enabled":true,"_links":{"self":[{"href":"https:\/\/saintjeanandco.fr\/index.php\/wp-json\/wp\/v2\/pages\/237","targetHints":{"allow":["GET"]}}],"collection":[{"href":"https:\/\/saintjeanandco.fr\/index.php\/wp-json\/wp\/v2\/pages"}],"about":[{"href":"https:\/\/saintjeanandco.fr\/index.php\/wp-json\/wp\/v2\/types\/page"}],"author":[{"embeddable":true,"href":"https:\/\/saintjeanandco.fr\/index.php\/wp-json\/wp\/v2\/users\/1"}],"replies":[{"embeddable":true,"href":"https:\/\/saintjeanandco.fr\/index.php\/wp-json\/wp\/v2\/comments?post=237"}],"version-history":[{"count":12,"href":"https:\/\/saintjeanandco.fr\/index.php\/wp-json\/wp\/v2\/pages\/237\/revisions"}],"predecessor-version":[{"id":558,"href":"https:\/\/saintjeanandco.fr\/index.php\/wp-json\/wp\/v2\/pages\/237\/revisions\/558"}],"wp:attachment":[{"href":"https:\/\/saintjeanandco.fr\/index.php\/wp-json\/wp\/v2\/media?parent=237"}],"curies":[{"name":"wp","href":"https:\/\/api.w.org\/{rel}","templated":true}]}}