{"id":164,"date":"2024-06-11T17:52:01","date_gmt":"2024-06-11T15:52:01","guid":{"rendered":"https:\/\/saintjeanandco.fr\/?page_id=164"},"modified":"2025-01-20T21:56:02","modified_gmt":"2025-01-20T20:56:02","slug":"adhesion-en-ligne","status":"publish","type":"page","link":"https:\/\/saintjeanandco.fr\/index.php\/adhesion-en-ligne\/","title":{"rendered":"Adh\u00e9sion"},"content":{"rendered":"\n<p class=\"has-text-align-center\">Pour adh\u00e9rer \u00e0 l&rsquo;association, il vous suffit de r\u00e9aliser votre inscription directement via le site HelloAsso disponible ici : <\/p>\n\n\n\n<div class=\"wp-block-buttons is-content-justification-center is-layout-flex wp-container-core-buttons-is-layout-a89b3969 wp-block-buttons-is-layout-flex\">\n<div class=\"wp-block-button\"><a class=\"wp-block-button__link wp-element-button\" href=\"https:\/\/www.helloasso.com\/associations\/saint-jean-co-un-quartier-en-action\" target=\"_blank\" rel=\"noreferrer noopener\">Adh\u00e9rer<\/a><\/div>\n<\/div>\n\n\n\n<p class=\"has-text-align-center\"><\/p>\n\n\n\n<p><\/p>\n","protected":false},"excerpt":{"rendered":"<p>Pour adh\u00e9rer \u00e0 l&rsquo;association, il vous suffit de r\u00e9aliser votre inscription directement via le site HelloAsso disponible ici :<\/p>\n","protected":false},"author":2,"featured_media":0,"parent":0,"menu_order":0,"comment_status":"closed","ping_status":"closed","template":"","meta":{"footnotes":""},"class_list":["post-164","page","type-page","status-publish","hentry"],"jetpack_sharing_enabled":true,"_links":{"self":[{"href":"https:\/\/saintjeanandco.fr\/index.php\/wp-json\/wp\/v2\/pages\/164","targetHints":{"allow":["GET"]}}],"collection":[{"href":"https:\/\/saintjeanandco.fr\/index.php\/wp-json\/wp\/v2\/pages"}],"about":[{"href":"https:\/\/saintjeanandco.fr\/index.php\/wp-json\/wp\/v2\/types\/page"}],"author":[{"embeddable":true,"href":"https:\/\/saintjeanandco.fr\/index.php\/wp-json\/wp\/v2\/users\/2"}],"replies":[{"embeddable":true,"href":"https:\/\/saintjeanandco.fr\/index.php\/wp-json\/wp\/v2\/comments?post=164"}],"version-history":[{"count":20,"href":"https:\/\/saintjeanandco.fr\/index.php\/wp-json\/wp\/v2\/pages\/164\/revisions"}],"predecessor-version":[{"id":285,"href":"https:\/\/saintjeanandco.fr\/index.php\/wp-json\/wp\/v2\/pages\/164\/revisions\/285"}],"wp:attachment":[{"href":"https:\/\/saintjeanandco.fr\/index.php\/wp-json\/wp\/v2\/media?parent=164"}],"curies":[{"name":"wp","href":"https:\/\/api.w.org\/{rel}","templated":true}]}}